{"id":219,"date":"2021-11-04T14:08:05","date_gmt":"2021-11-04T14:08:05","guid":{"rendered":"https:\/\/tv.esarganil.pt\/?page_id=219"},"modified":"2021-11-08T16:16:07","modified_gmt":"2021-11-08T16:16:07","slug":"219-2","status":"publish","type":"page","link":"https:\/\/tv.esarganil.pt\/","title":{"rendered":"Cinedita"},"content":{"rendered":"\n<div class=\"wp-block-columns is-layout-flex wp-container-core-columns-is-layout-9d6595d7 wp-block-columns-is-layout-flex\">\n<div class=\"wp-block-column is-layout-flow wp-block-column-is-layout-flow\" style=\"flex-basis:33.33%\">\n<figure class=\"wp-block-image size-large\"><img loading=\"lazy\" decoding=\"async\" width=\"709\" height=\"1024\" src=\"https:\/\/tv.esarganil.pt\/wp-content\/uploads\/2021\/11\/Logotipo_vetor_v2_logo-vertical-709x1024.png\" alt=\"\" class=\"wp-image-338\" srcset=\"https:\/\/tv.esarganil.pt\/wp-content\/uploads\/2021\/11\/Logotipo_vetor_v2_logo-vertical-709x1024.png 709w, https:\/\/tv.esarganil.pt\/wp-content\/uploads\/2021\/11\/Logotipo_vetor_v2_logo-vertical-208x300.png 208w, https:\/\/tv.esarganil.pt\/wp-content\/uploads\/2021\/11\/Logotipo_vetor_v2_logo-vertical-768x1109.png 768w, https:\/\/tv.esarganil.pt\/wp-content\/uploads\/2021\/11\/Logotipo_vetor_v2_logo-vertical.png 1063w\" sizes=\"auto, (max-width: 709px) 100vw, 709px\" \/><\/figure>\n<\/div>\n\n\n\n<div class=\"wp-block-column is-layout-flow wp-block-column-is-layout-flow\" style=\"flex-basis:66.66%\">\n<p>O CINEDITA \u2013 Festival de Curtas de Arganil \u2013 \u00e9 um festival de divulga\u00e7\u00e3o de curtas-metragens independentes, organizado pelos alunos do curso Profissional de T\u00e9cnico de Multim\u00e9dia do Agrupamento de Escolas de Arganil. <\/p>\n\n\n\n<p>O Cinedita tem como objetivos dinamizar culturalmente a regi\u00e3o, sobretudo atrav\u00e9s da divulga\u00e7\u00e3o de atividade cinematogr\u00e1fica amadora, e promover a divulga\u00e7\u00e3o de jovens realizadores do meio acad\u00e9mico de todo o pa\u00eds.<\/p>\n\n\n\n<p>+ info em: <a href=\"http:\/\/www.cinedita.pt\">www.cinedita.pt<\/a><\/p>\n\n\n\n<p>e-mail: cinedita@esarganil.pt<\/p>\n<\/div>\n<\/div>\n","protected":false},"excerpt":{"rendered":"<p>O CINEDITA \u2013 Festival de Curtas de Arganil \u2013 \u00e9 um festival de divulga\u00e7\u00e3o de curtas-metragens independentes, organizado pelos alunos do curso Profissional de T\u00e9cnico de Multim\u00e9dia do Agrupamento de Escolas de Arganil. O Cinedita tem como objetivos dinamizar culturalmente a regi\u00e3o, sobretudo atrav\u00e9s da divulga\u00e7\u00e3o de atividade cinematogr\u00e1fica amadora, e promover a divulga\u00e7\u00e3o de [&hellip;]<\/p>\n","protected":false},"author":2,"featured_media":0,"parent":0,"menu_order":0,"comment_status":"closed","ping_status":"closed","template":"","meta":{"_vp_format_video_url":"","_vp_image_focal_point":[],"footnotes":""},"class_list":["post-219","page","type-page","status-publish","hentry"],"_links":{"self":[{"href":"https:\/\/tv.esarganil.pt\/index.php?rest_route=\/wp\/v2\/pages\/219","targetHints":{"allow":["GET"]}}],"collection":[{"href":"https:\/\/tv.esarganil.pt\/index.php?rest_route=\/wp\/v2\/pages"}],"about":[{"href":"https:\/\/tv.esarganil.pt\/index.php?rest_route=\/wp\/v2\/types\/page"}],"author":[{"embeddable":true,"href":"https:\/\/tv.esarganil.pt\/index.php?rest_route=\/wp\/v2\/users\/2"}],"replies":[{"embeddable":true,"href":"https:\/\/tv.esarganil.pt\/index.php?rest_route=%2Fwp%2Fv2%2Fcomments&post=219"}],"version-history":[{"count":7,"href":"https:\/\/tv.esarganil.pt\/index.php?rest_route=\/wp\/v2\/pages\/219\/revisions"}],"predecessor-version":[{"id":346,"href":"https:\/\/tv.esarganil.pt\/index.php?rest_route=\/wp\/v2\/pages\/219\/revisions\/346"}],"wp:attachment":[{"href":"https:\/\/tv.esarganil.pt\/index.php?rest_route=%2Fwp%2Fv2%2Fmedia&parent=219"}],"curies":[{"name":"wp","href":"https:\/\/api.w.org\/{rel}","templated":true}]}}